{"id":1290,"date":"2026-01-24T12:23:05","date_gmt":"2026-01-24T12:23:05","guid":{"rendered":"https:\/\/neww.calzatesp.com\/?post_type=product&#038;p=1290"},"modified":"2026-03-14T00:19:03","modified_gmt":"2026-03-14T00:19:03","slug":"nike-air-uptempo-supreme-rojas","status":"publish","type":"product","link":"https:\/\/calzatesp.com\/index.php\/producto\/nike-air-uptempo-supreme-rojas\/","title":{"rendered":"Nike Air Uptempo Supreme &#8211; Rojas"},"content":{"rendered":"","protected":false},"excerpt":{"rendered":"<p>M\u00e1s Air visible. M\u00e1s color. M\u00e1s letras gigantes. Las Air More uptempo \u201996 capturan el esp\u00edritu de su \u00e9poca como ning\u00fan otro modelo, conservando las caracter\u00edsticas que las han convertido en una silueta eterna. Esta edici\u00f3n limitada rinde homenaje a una carrera de campeonato hist\u00f3rica con una combinaci\u00f3n de colores en rojo llamativo, negro y blanco.<\/p>\n","protected":false},"featured_media":1344,"comment_status":"closed","ping_status":"closed","template":"","meta":[],"product_brand":[],"product_cat":[65,38],"product_tag":[],"class_list":{"0":"post-1290","1":"product","2":"type-product","3":"status-publish","4":"has-post-thumbnail","6":"product_cat-air-uptempo","7":"product_cat-nike","9":"first","10":"instock","11":"sale","12":"shipping-taxable","13":"purchasable","14":"product-type-simple"},"jetpack_sharing_enabled":true,"_links":{"self":[{"href":"https:\/\/calzatesp.com\/index.php\/wp-json\/wp\/v2\/product\/1290","targetHints":{"allow":["GET"]}}],"collection":[{"href":"https:\/\/calzatesp.com\/index.php\/wp-json\/wp\/v2\/product"}],"about":[{"href":"https:\/\/calzatesp.com\/index.php\/wp-json\/wp\/v2\/types\/product"}],"replies":[{"embeddable":true,"href":"https:\/\/calzatesp.com\/index.php\/wp-json\/wp\/v2\/comments?post=1290"}],"version-history":[{"count":1,"href":"https:\/\/calzatesp.com\/index.php\/wp-json\/wp\/v2\/product\/1290\/revisions"}],"predecessor-version":[{"id":1345,"href":"https:\/\/calzatesp.com\/index.php\/wp-json\/wp\/v2\/product\/1290\/revisions\/1345"}],"wp:featuredmedia":[{"embeddable":true,"href":"https:\/\/calzatesp.com\/index.php\/wp-json\/wp\/v2\/media\/1344"}],"wp:attachment":[{"href":"https:\/\/calzatesp.com\/index.php\/wp-json\/wp\/v2\/media?parent=1290"}],"wp:term":[{"taxonomy":"product_brand","embeddable":true,"href":"https:\/\/calzatesp.com\/index.php\/wp-json\/wp\/v2\/product_brand?post=1290"},{"taxonomy":"product_cat","embeddable":true,"href":"https:\/\/calzatesp.com\/index.php\/wp-json\/wp\/v2\/product_cat?post=1290"},{"taxonomy":"product_tag","embeddable":true,"href":"https:\/\/calzatesp.com\/index.php\/wp-json\/wp\/v2\/product_tag?post=1290"}],"curies":[{"name":"wp","href":"https:\/\/api.w.org\/{rel}","templated":true}]}}