{"id":1378,"date":"2026-01-24T12:24:01","date_gmt":"2026-01-24T12:24:01","guid":{"rendered":"https:\/\/neww.calzatesp.com\/?post_type=product&#038;p=1378"},"modified":"2026-01-24T12:24:21","modified_gmt":"2026-01-24T12:24:21","slug":"nike-air-max-90-negras","status":"publish","type":"product","link":"https:\/\/calzatesp.com\/index.php\/producto\/nike-air-max-90-negras\/","title":{"rendered":"Nike Air Max 90 &#8211; Negras"},"content":{"rendered":"","protected":false},"excerpt":{"rendered":"<p>Las Nike Air Max 90 se han redise\u00f1ado para el d\u00eda a d\u00eda, al tiempo que se mantienen fieles a sus ra\u00edces del running de los a\u00f1os 90. La unidad Max Air proporciona amortiguaci\u00f3n en cada pisada, mientras que la suela exterior de goma maciza tipo Gofre aumenta la tracci\u00f3n.<\/p>\n","protected":false},"featured_media":1386,"comment_status":"closed","ping_status":"closed","template":"","meta":[],"product_brand":[],"product_cat":[43,38],"product_tag":[],"class_list":{"0":"post-1378","1":"product","2":"type-product","3":"status-publish","4":"has-post-thumbnail","6":"product_cat-airmax-90","7":"product_cat-nike","9":"first","10":"instock","11":"sale","12":"shipping-taxable","13":"purchasable","14":"product-type-variable"},"jetpack_sharing_enabled":true,"_links":{"self":[{"href":"https:\/\/calzatesp.com\/index.php\/wp-json\/wp\/v2\/product\/1378","targetHints":{"allow":["GET"]}}],"collection":[{"href":"https:\/\/calzatesp.com\/index.php\/wp-json\/wp\/v2\/product"}],"about":[{"href":"https:\/\/calzatesp.com\/index.php\/wp-json\/wp\/v2\/types\/product"}],"replies":[{"embeddable":true,"href":"https:\/\/calzatesp.com\/index.php\/wp-json\/wp\/v2\/comments?post=1378"}],"version-history":[{"count":1,"href":"https:\/\/calzatesp.com\/index.php\/wp-json\/wp\/v2\/product\/1378\/revisions"}],"predecessor-version":[{"id":1387,"href":"https:\/\/calzatesp.com\/index.php\/wp-json\/wp\/v2\/product\/1378\/revisions\/1387"}],"wp:featuredmedia":[{"embeddable":true,"href":"https:\/\/calzatesp.com\/index.php\/wp-json\/wp\/v2\/media\/1386"}],"wp:attachment":[{"href":"https:\/\/calzatesp.com\/index.php\/wp-json\/wp\/v2\/media?parent=1378"}],"wp:term":[{"taxonomy":"product_brand","embeddable":true,"href":"https:\/\/calzatesp.com\/index.php\/wp-json\/wp\/v2\/product_brand?post=1378"},{"taxonomy":"product_cat","embeddable":true,"href":"https:\/\/calzatesp.com\/index.php\/wp-json\/wp\/v2\/product_cat?post=1378"},{"taxonomy":"product_tag","embeddable":true,"href":"https:\/\/calzatesp.com\/index.php\/wp-json\/wp\/v2\/product_tag?post=1378"}],"curies":[{"name":"wp","href":"https:\/\/api.w.org\/{rel}","templated":true}]}}