{"id":1429,"date":"2026-01-24T12:24:22","date_gmt":"2026-01-24T12:24:22","guid":{"rendered":"https:\/\/neww.calzatesp.com\/?post_type=product&#038;p=1429"},"modified":"2026-03-14T00:19:22","modified_gmt":"2026-03-14T00:19:22","slug":"nike-air-uptempo-volcanic","status":"publish","type":"product","link":"https:\/\/calzatesp.com\/index.php\/producto\/nike-air-uptempo-volcanic\/","title":{"rendered":"Nike Air Uptempo &#8211; Volcanic"},"content":{"rendered":"","protected":false},"excerpt":{"rendered":"<p>M\u00e1s Air visible. M\u00e1s color. M\u00e1s letras gigantes. Las Air More uptempo &#8217;96 capturan el esp\u00edritu de su \u00e9poca como ning\u00fan otro modelo, conservando las caracter\u00edsticas que las han convertido en una silueta eterna. Esta edici\u00f3n limitada rinde homenaje a una carrera de campeonato hist\u00f3rica con una combinaci\u00f3n de colores en rojo llamativo, negro y blanco.<\/p>\n","protected":false},"featured_media":1457,"comment_status":"closed","ping_status":"closed","template":"","meta":[],"product_brand":[],"product_cat":[65,38],"product_tag":[],"class_list":{"0":"post-1429","1":"product","2":"type-product","3":"status-publish","4":"has-post-thumbnail","6":"product_cat-air-uptempo","7":"product_cat-nike","9":"first","10":"instock","11":"sale","12":"shipping-taxable","13":"purchasable","14":"product-type-variable"},"jetpack_sharing_enabled":true,"_links":{"self":[{"href":"https:\/\/calzatesp.com\/index.php\/wp-json\/wp\/v2\/product\/1429","targetHints":{"allow":["GET"]}}],"collection":[{"href":"https:\/\/calzatesp.com\/index.php\/wp-json\/wp\/v2\/product"}],"about":[{"href":"https:\/\/calzatesp.com\/index.php\/wp-json\/wp\/v2\/types\/product"}],"replies":[{"embeddable":true,"href":"https:\/\/calzatesp.com\/index.php\/wp-json\/wp\/v2\/comments?post=1429"}],"version-history":[{"count":1,"href":"https:\/\/calzatesp.com\/index.php\/wp-json\/wp\/v2\/product\/1429\/revisions"}],"predecessor-version":[{"id":1458,"href":"https:\/\/calzatesp.com\/index.php\/wp-json\/wp\/v2\/product\/1429\/revisions\/1458"}],"wp:featuredmedia":[{"embeddable":true,"href":"https:\/\/calzatesp.com\/index.php\/wp-json\/wp\/v2\/media\/1457"}],"wp:attachment":[{"href":"https:\/\/calzatesp.com\/index.php\/wp-json\/wp\/v2\/media?parent=1429"}],"wp:term":[{"taxonomy":"product_brand","embeddable":true,"href":"https:\/\/calzatesp.com\/index.php\/wp-json\/wp\/v2\/product_brand?post=1429"},{"taxonomy":"product_cat","embeddable":true,"href":"https:\/\/calzatesp.com\/index.php\/wp-json\/wp\/v2\/product_cat?post=1429"},{"taxonomy":"product_tag","embeddable":true,"href":"https:\/\/calzatesp.com\/index.php\/wp-json\/wp\/v2\/product_tag?post=1429"}],"curies":[{"name":"wp","href":"https:\/\/api.w.org\/{rel}","templated":true}]}}