{"id":91589,"date":"2026-01-28T01:51:28","date_gmt":"2026-01-28T01:51:28","guid":{"rendered":"https:\/\/neww.calzatesp.com\/?post_type=product&#038;p=91589"},"modified":"2026-01-28T01:51:34","modified_gmt":"2026-01-28T01:51:34","slug":"bracelet-van-cleef-arpels-14","status":"publish","type":"product","link":"https:\/\/calzatesp.com\/index.php\/producto\/bracelet-van-cleef-arpels-14\/","title":{"rendered":"bracelet Van Cleef &#038; Arpels"},"content":{"rendered":"","protected":false},"excerpt":{"rendered":"<p>Descubre la elegancia atemporal con esta pulsera Van Cleef &amp; Arpels, elaborada con materiales de la m\u00e1s alta calidad y un dise\u00f1o ic\u00f3nico que refleja lujo y sofisticaci\u00f3n. Con sus detalles exquisitos y acabados impecables, es la pieza perfecta para realzar cualquier look con distinci\u00f3n. Un s\u00edmbolo de artesan\u00eda y exclusividad para los amantes de la alta joyer\u00eda.<\/p>\n","protected":false},"featured_media":74768,"comment_status":"open","ping_status":"closed","template":"","meta":[],"product_brand":[],"product_cat":[233,237],"product_tag":[],"class_list":{"0":"post-91589","1":"product","2":"type-product","3":"status-publish","4":"has-post-thumbnail","6":"product_cat-accesorios-2","7":"product_cat-pulseras","9":"first","10":"instock","11":"sale","12":"shipping-taxable","13":"purchasable","14":"product-type-simple"},"jetpack_sharing_enabled":true,"_links":{"self":[{"href":"https:\/\/calzatesp.com\/index.php\/wp-json\/wp\/v2\/product\/91589","targetHints":{"allow":["GET"]}}],"collection":[{"href":"https:\/\/calzatesp.com\/index.php\/wp-json\/wp\/v2\/product"}],"about":[{"href":"https:\/\/calzatesp.com\/index.php\/wp-json\/wp\/v2\/types\/product"}],"replies":[{"embeddable":true,"href":"https:\/\/calzatesp.com\/index.php\/wp-json\/wp\/v2\/comments?post=91589"}],"version-history":[{"count":1,"href":"https:\/\/calzatesp.com\/index.php\/wp-json\/wp\/v2\/product\/91589\/revisions"}],"predecessor-version":[{"id":91617,"href":"https:\/\/calzatesp.com\/index.php\/wp-json\/wp\/v2\/product\/91589\/revisions\/91617"}],"wp:featuredmedia":[{"embeddable":true,"href":"https:\/\/calzatesp.com\/index.php\/wp-json\/wp\/v2\/media\/74768"}],"wp:attachment":[{"href":"https:\/\/calzatesp.com\/index.php\/wp-json\/wp\/v2\/media?parent=91589"}],"wp:term":[{"taxonomy":"product_brand","embeddable":true,"href":"https:\/\/calzatesp.com\/index.php\/wp-json\/wp\/v2\/product_brand?post=91589"},{"taxonomy":"product_cat","embeddable":true,"href":"https:\/\/calzatesp.com\/index.php\/wp-json\/wp\/v2\/product_cat?post=91589"},{"taxonomy":"product_tag","embeddable":true,"href":"https:\/\/calzatesp.com\/index.php\/wp-json\/wp\/v2\/product_tag?post=91589"}],"curies":[{"name":"wp","href":"https:\/\/api.w.org\/{rel}","templated":true}]}}