{"id":91680,"date":"2026-01-28T01:51:44","date_gmt":"2026-01-28T01:51:44","guid":{"rendered":"https:\/\/neww.calzatesp.com\/?post_type=product&#038;p=91680"},"modified":"2026-01-28T01:51:47","modified_gmt":"2026-01-28T01:51:47","slug":"bag-louis-vuitton-2","status":"publish","type":"product","link":"https:\/\/calzatesp.com\/index.php\/producto\/bag-louis-vuitton-2\/","title":{"rendered":"Bag Louis Vuitton"},"content":{"rendered":"","protected":false},"excerpt":{"rendered":"<p>Descubre el lujo y la artesan\u00eda inigualable con este bolso Louis Vuitton, elaborado con materiales de la m\u00e1s alta calidad y un dise\u00f1o ic\u00f3nico. Cada detalle refleja la excelencia y sofisticaci\u00f3n de la marca, convirti\u00e9ndolo en un accesorio perfecto para cualquier ocasi\u00f3n. Un s\u00edmbolo de estilo, distinci\u00f3n y exclusividad que perdura en el tiempo.<\/p>\n","protected":false},"featured_media":44715,"comment_status":"open","ping_status":"closed","template":"","meta":[],"product_brand":[],"product_cat":[233,238,239],"product_tag":[],"class_list":{"0":"post-91680","1":"product","2":"type-product","3":"status-publish","4":"has-post-thumbnail","6":"product_cat-accesorios-2","7":"product_cat-bags","8":"product_cat-rinoneras","10":"first","11":"instock","12":"sale","13":"shipping-taxable","14":"purchasable","15":"product-type-simple"},"jetpack_sharing_enabled":true,"_links":{"self":[{"href":"https:\/\/calzatesp.com\/index.php\/wp-json\/wp\/v2\/product\/91680","targetHints":{"allow":["GET"]}}],"collection":[{"href":"https:\/\/calzatesp.com\/index.php\/wp-json\/wp\/v2\/product"}],"about":[{"href":"https:\/\/calzatesp.com\/index.php\/wp-json\/wp\/v2\/types\/product"}],"replies":[{"embeddable":true,"href":"https:\/\/calzatesp.com\/index.php\/wp-json\/wp\/v2\/comments?post=91680"}],"version-history":[{"count":1,"href":"https:\/\/calzatesp.com\/index.php\/wp-json\/wp\/v2\/product\/91680\/revisions"}],"predecessor-version":[{"id":91710,"href":"https:\/\/calzatesp.com\/index.php\/wp-json\/wp\/v2\/product\/91680\/revisions\/91710"}],"wp:featuredmedia":[{"embeddable":true,"href":"https:\/\/calzatesp.com\/index.php\/wp-json\/wp\/v2\/media\/44715"}],"wp:attachment":[{"href":"https:\/\/calzatesp.com\/index.php\/wp-json\/wp\/v2\/media?parent=91680"}],"wp:term":[{"taxonomy":"product_brand","embeddable":true,"href":"https:\/\/calzatesp.com\/index.php\/wp-json\/wp\/v2\/product_brand?post=91680"},{"taxonomy":"product_cat","embeddable":true,"href":"https:\/\/calzatesp.com\/index.php\/wp-json\/wp\/v2\/product_cat?post=91680"},{"taxonomy":"product_tag","embeddable":true,"href":"https:\/\/calzatesp.com\/index.php\/wp-json\/wp\/v2\/product_tag?post=91680"}],"curies":[{"name":"wp","href":"https:\/\/api.w.org\/{rel}","templated":true}]}}